{"id":654,"date":"2026-01-29T08:40:41","date_gmt":"2026-01-29T07:40:41","guid":{"rendered":"https:\/\/green-jumangy.com\/?page_id=654"},"modified":"2026-01-29T08:43:37","modified_gmt":"2026-01-29T07:43:37","slug":"accessibilite-handicap","status":"publish","type":"page","link":"https:\/\/green-jumangy.com\/index.php\/accessibilite-handicap\/","title":{"rendered":"Accessibilit\u00e9 &amp; Handicap"},"content":{"rendered":"\t\t<div data-elementor-type=\"wp-page\" data-elementor-id=\"654\" class=\"elementor elementor-654\">\n\t\t\t\t\t\t<section class=\"elementor-section elementor-top-section elementor-element elementor-element-bb32701 elementor-section-boxed elementor-section-height-default elementor-section-height-default\" data-id=\"bb32701\" data-element_type=\"section\">\n\t\t\t\t\t\t<div class=\"elementor-container elementor-column-gap-default\">\n\t\t\t\t\t<div class=\"elementor-column elementor-col-100 elementor-top-column elementor-element elementor-element-9f9e6eb\" data-id=\"9f9e6eb\" data-element_type=\"column\">\n\t\t\t<div class=\"elementor-widget-wrap elementor-element-populated\">\n\t\t\t\t\t\t<div class=\"elementor-element elementor-element-9a8a2a9 elementor-widget elementor-widget-heading\" data-id=\"9a8a2a9\" data-element_type=\"widget\" data-widget_type=\"heading.default\">\n\t\t\t\t<div class=\"elementor-widget-container\">\n\t\t\t\t\t<h1 class=\"elementor-heading-title elementor-size-default\">Accessibilit\u00e9 &amp; Handicap<\/h1>\t\t\t\t<\/div>\n\t\t\t\t<\/div>\n\t\t\t\t<div class=\"elementor-element elementor-element-d0415ac elementor-widget elementor-widget-text-editor\" data-id=\"d0415ac\" data-element_type=\"widget\" data-widget_type=\"text-editor.default\">\n\t\t\t\t<div class=\"elementor-widget-container\">\n\t\t\t\t\t\t\t\t\t<p data-start=\"182\" data-end=\"313\">JUMANGY Formation s\u2019engage \u00e0 favoriser l\u2019<strong data-start=\"223\" data-end=\"257\">acc\u00e8s \u00e0 la formation pour tous<\/strong>, y compris pour les personnes en situation de handicap.<\/p>\t\t\t\t\t\t\t\t<\/div>\n\t\t\t\t<\/div>\n\t\t\t\t<div class=\"elementor-element elementor-element-aed9353 elementor-widget elementor-widget-heading\" data-id=\"aed9353\" data-element_type=\"widget\" data-widget_type=\"heading.default\">\n\t\t\t\t<div class=\"elementor-widget-container\">\n\t\t\t\t\t<h2 class=\"elementor-heading-title elementor-size-default\">Notre engagement<\/h2>\t\t\t\t<\/div>\n\t\t\t\t<\/div>\n\t\t\t\t<div class=\"elementor-element elementor-element-c86d440 elementor-widget elementor-widget-text-editor\" data-id=\"c86d440\" data-element_type=\"widget\" data-widget_type=\"text-editor.default\">\n\t\t\t\t<div class=\"elementor-widget-container\">\n\t\t\t\t\t\t\t\t\t<p data-start=\"341\" data-end=\"509\">Les formations propos\u00e9es par JUMANGY Formation sont con\u00e7ues pour \u00eatre <strong data-start=\"411\" data-end=\"440\">accessibles et adaptables<\/strong>, dans la mesure du possible, aux besoins sp\u00e9cifiques des apprenants.<\/p><p data-start=\"511\" data-end=\"623\">Toute demande d\u2019adaptation est \u00e9tudi\u00e9e <strong data-start=\"550\" data-end=\"578\">en amont de la formation<\/strong>, afin de proposer des solutions appropri\u00e9es.<\/p>\t\t\t\t\t\t\t\t<\/div>\n\t\t\t\t<\/div>\n\t\t\t\t<div class=\"elementor-element elementor-element-cafb958 elementor-widget elementor-widget-heading\" data-id=\"cafb958\" data-element_type=\"widget\" data-widget_type=\"heading.default\">\n\t\t\t\t<div class=\"elementor-widget-container\">\n\t\t\t\t\t<h2 class=\"elementor-heading-title elementor-size-default\">Modalit\u00e9s d\u2019adaptation<\/h2>\t\t\t\t<\/div>\n\t\t\t\t<\/div>\n\t\t\t\t<div class=\"elementor-element elementor-element-171832a elementor-widget elementor-widget-text-editor\" data-id=\"171832a\" data-element_type=\"widget\" data-widget_type=\"text-editor.default\">\n\t\t\t\t<div class=\"elementor-widget-container\">\n\t\t\t\t\t\t\t\t\t<p data-start=\"657\" data-end=\"739\">Selon les besoins identifi\u00e9s, des am\u00e9nagements peuvent \u00eatre envisag\u00e9s, notamment :<\/p><ul data-start=\"740\" data-end=\"935\"><li data-start=\"740\" data-end=\"779\"><p data-start=\"742\" data-end=\"779\">adaptation des supports p\u00e9dagogiques,<\/p><\/li><li data-start=\"780\" data-end=\"821\"><p data-start=\"782\" data-end=\"821\">am\u00e9nagement des modalit\u00e9s p\u00e9dagogiques,<\/p><\/li><li data-start=\"822\" data-end=\"882\"><p data-start=\"824\" data-end=\"882\">adaptation du rythme ou de l\u2019organisation de la formation,<\/p><\/li><li data-start=\"883\" data-end=\"935\"><p data-start=\"885\" data-end=\"935\">recours \u00e0 des solutions sp\u00e9cifiques si n\u00e9cessaire.<\/p><\/li><\/ul>\t\t\t\t\t\t\t\t<\/div>\n\t\t\t\t<\/div>\n\t\t\t\t<div class=\"elementor-element elementor-element-ead4c51 elementor-widget elementor-widget-heading\" data-id=\"ead4c51\" data-element_type=\"widget\" data-widget_type=\"heading.default\">\n\t\t\t\t<div class=\"elementor-widget-container\">\n\t\t\t\t\t<h2 class=\"elementor-heading-title elementor-size-default\">R\u00e9f\u00e9rent handicap<\/h2>\t\t\t\t<\/div>\n\t\t\t\t<\/div>\n\t\t\t\t<div class=\"elementor-element elementor-element-f37386a elementor-widget elementor-widget-text-editor\" data-id=\"f37386a\" data-element_type=\"widget\" data-widget_type=\"text-editor.default\">\n\t\t\t\t<div class=\"elementor-widget-container\">\n\t\t\t\t\t\t\t\t\t<p data-start=\"964\" data-end=\"1109\">Un <strong data-start=\"967\" data-end=\"988\">r\u00e9f\u00e9rent handicap<\/strong> est identifi\u00e9 au sein de JUMANGY Formation afin d\u2019accompagner les apprenants et d\u2019\u00e9tudier les possibilit\u00e9s d\u2019adaptation.<\/p><p data-start=\"1111\" data-end=\"1240\">Pour toute question ou demande sp\u00e9cifique, merci de contacter :<br data-start=\"1174\" data-end=\"1177\" \/><strong data-start=\"1177\" data-end=\"1207\">Yann Gasnier<\/strong><br data-start=\"1207\" data-end=\"1210\" \/><strong data-start=\"1210\" data-end=\"1240\">Email : yann.gasnier@green-juamngy.com<\/strong><\/p>\t\t\t\t\t\t\t\t<\/div>\n\t\t\t\t<\/div>\n\t\t\t\t<div class=\"elementor-element elementor-element-e544246 elementor-widget elementor-widget-heading\" data-id=\"e544246\" data-element_type=\"widget\" data-widget_type=\"heading.default\">\n\t\t\t\t<div class=\"elementor-widget-container\">\n\t\t\t\t\t<h2 class=\"elementor-heading-title elementor-size-default\">Information pr\u00e9alable<\/h2>\t\t\t\t<\/div>\n\t\t\t\t<\/div>\n\t\t\t\t<div class=\"elementor-element elementor-element-f2487b5 elementor-widget elementor-widget-text-editor\" data-id=\"f2487b5\" data-element_type=\"widget\" data-widget_type=\"text-editor.default\">\n\t\t\t\t<div class=\"elementor-widget-container\">\n\t\t\t\t\t\t\t\t\t<p>Afin de garantir les meilleures conditions d\u2019accueil, il est recommand\u00e9 de <strong data-start=\"1348\" data-end=\"1412\">signaler toute situation de handicap d\u00e8s la prise de contact<\/strong>, avant le d\u00e9marrage de la formation.<\/p>\t\t\t\t\t\t\t\t<\/div>\n\t\t\t\t<\/div>\n\t\t\t\t\t<\/div>\n\t\t<\/div>\n\t\t\t\t\t<\/div>\n\t\t<\/section>\n\t\t\t\t<\/div>\n\t\t","protected":false},"excerpt":{"rendered":"<p>Accessibilit\u00e9 &amp; Handicap JUMANGY Formation s\u2019engage \u00e0 favoriser l\u2019acc\u00e8s \u00e0 la formation pour tous, y compris pour les personnes en [&hellip;]<\/p>\n","protected":false},"author":1,"featured_media":0,"parent":0,"menu_order":0,"comment_status":"closed","ping_status":"closed","template":"","meta":{"site-sidebar-layout":"no-sidebar","site-content-layout":"","ast-site-content-layout":"full-width-container","site-content-style":"default","site-sidebar-style":"default","ast-global-header-display":"","ast-banner-title-visibility":"","ast-main-header-display":"","ast-hfb-above-header-display":"","ast-hfb-below-header-display":"","ast-hfb-mobile-header-display":"","site-post-title":"disabled","ast-breadcrumbs-content":"","ast-featured-img":"disabled","footer-sml-layout":"","ast-disable-related-posts":"","theme-transparent-header-meta":"","adv-header-id-meta":"","stick-header-meta":"","header-above-stick-meta":"","header-main-stick-meta":"","header-below-stick-meta":"","astra-migrate-meta-layouts":"default","ast-page-background-enabled":"default","ast-page-background-meta":{"desktop":{"background-color":"var(--ast-global-color-5)","background-image":"","background-repeat":"repeat","background-position":"center center","background-size":"auto","background-attachment":"scroll","background-type":"","background-media":"","overlay-type":"","overlay-color":"","overlay-opacity":"","overlay-gradient":""},"tablet":{"background-color":"","background-image":"","background-repeat":"repeat","background-position":"center center","background-size":"auto","background-attachment":"scroll","background-type":"","background-media":"","overlay-type":"","overlay-color":"","overlay-opacity":"","overlay-gradient":""},"mobile":{"background-color":"","background-image":"","background-repeat":"repeat","background-position":"center center","background-size":"auto","background-attachment":"scroll","background-type":"","background-media":"","overlay-type":"","overlay-color":"","overlay-opacity":"","overlay-gradient":""}},"ast-content-background-meta":{"desktop":{"background-color":"var(--ast-global-color-4)","background-image":"","background-repeat":"repeat","background-position":"center center","background-size":"auto","background-attachment":"scroll","background-type":"","background-media":"","overlay-type":"","overlay-color":"","overlay-opacity":"","overlay-gradient":""},"tablet":{"background-color":"var(--ast-global-color-4)","background-image":"","background-repeat":"repeat","background-position":"center center","background-size":"auto","background-attachment":"scroll","background-type":"","background-media":"","overlay-type":"","overlay-color":"","overlay-opacity":"","overlay-gradient":""},"mobile":{"background-color":"var(--ast-global-color-4)","background-image":"","background-repeat":"repeat","background-position":"center center","background-size":"auto","background-attachment":"scroll","background-type":"","background-media":"","overlay-type":"","overlay-color":"","overlay-opacity":"","overlay-gradient":""}},"footnotes":""},"class_list":["post-654","page","type-page","status-publish","hentry"],"_links":{"self":[{"href":"https:\/\/green-jumangy.com\/index.php\/wp-json\/wp\/v2\/pages\/654","targetHints":{"allow":["GET"]}}],"collection":[{"href":"https:\/\/green-jumangy.com\/index.php\/wp-json\/wp\/v2\/pages"}],"about":[{"href":"https:\/\/green-jumangy.com\/index.php\/wp-json\/wp\/v2\/types\/page"}],"author":[{"embeddable":true,"href":"https:\/\/green-jumangy.com\/index.php\/wp-json\/wp\/v2\/users\/1"}],"replies":[{"embeddable":true,"href":"https:\/\/green-jumangy.com\/index.php\/wp-json\/wp\/v2\/comments?post=654"}],"version-history":[{"count":4,"href":"https:\/\/green-jumangy.com\/index.php\/wp-json\/wp\/v2\/pages\/654\/revisions"}],"predecessor-version":[{"id":658,"href":"https:\/\/green-jumangy.com\/index.php\/wp-json\/wp\/v2\/pages\/654\/revisions\/658"}],"wp:attachment":[{"href":"https:\/\/green-jumangy.com\/index.php\/wp-json\/wp\/v2\/media?parent=654"}],"curies":[{"name":"wp","href":"https:\/\/api.w.org\/{rel}","templated":true}]}}