{"id":648,"date":"2026-01-29T08:26:57","date_gmt":"2026-01-29T07:26:57","guid":{"rendered":"https:\/\/green-jumangy.com\/?page_id=648"},"modified":"2026-01-29T08:45:46","modified_gmt":"2026-01-29T07:45:46","slug":"politique-de-confidentialite","status":"publish","type":"page","link":"https:\/\/green-jumangy.com\/index.php\/politique-de-confidentialite\/","title":{"rendered":"Politique de confidentialit\u00e9"},"content":{"rendered":"\t\t<div data-elementor-type=\"wp-page\" data-elementor-id=\"648\" class=\"elementor elementor-648\">\n\t\t\t\t\t\t<section class=\"elementor-section elementor-top-section elementor-element elementor-element-7b9f383 elementor-section-boxed elementor-section-height-default elementor-section-height-default\" data-id=\"7b9f383\" data-element_type=\"section\">\n\t\t\t\t\t\t<div class=\"elementor-container elementor-column-gap-default\">\n\t\t\t\t\t<div class=\"elementor-column elementor-col-100 elementor-top-column elementor-element elementor-element-80d05e5\" data-id=\"80d05e5\" data-element_type=\"column\">\n\t\t\t<div class=\"elementor-widget-wrap elementor-element-populated\">\n\t\t\t\t\t\t<div class=\"elementor-element elementor-element-4b0830c elementor-widget elementor-widget-heading\" data-id=\"4b0830c\" data-element_type=\"widget\" data-widget_type=\"heading.default\">\n\t\t\t\t<div class=\"elementor-widget-container\">\n\t\t\t\t\t<h1 class=\"elementor-heading-title elementor-size-default\">Politique de confidentialit\u00e9<\/h1>\t\t\t\t<\/div>\n\t\t\t\t<\/div>\n\t\t\t\t<div class=\"elementor-element elementor-element-f2573e0 elementor-widget elementor-widget-text-editor\" data-id=\"f2573e0\" data-element_type=\"widget\" data-widget_type=\"text-editor.default\">\n\t\t\t\t<div class=\"elementor-widget-container\">\n\t\t\t\t\t\t\t\t\t<p>La pr\u00e9sente politique de confidentialit\u00e9 a pour objectif d\u2019informer les utilisateurs du site <strong data-start=\"349\" data-end=\"370\">green-jumangy.com<\/strong> des modalit\u00e9s de collecte, d\u2019utilisation et de protection de leurs donn\u00e9es personnelles, conform\u00e9ment au <strong data-start=\"476\" data-end=\"548\">R\u00e8glement G\u00e9n\u00e9ral sur la Protection des Donn\u00e9es (RGPD \u2013 UE 2016\/679)<\/strong>.<\/p>\t\t\t\t\t\t\t\t<\/div>\n\t\t\t\t<\/div>\n\t\t\t\t<div class=\"elementor-element elementor-element-2107b41 elementor-widget elementor-widget-heading\" data-id=\"2107b41\" data-element_type=\"widget\" data-widget_type=\"heading.default\">\n\t\t\t\t<div class=\"elementor-widget-container\">\n\t\t\t\t\t<h2 class=\"elementor-heading-title elementor-size-default\">1. Responsable du traitement<\/h2>\t\t\t\t<\/div>\n\t\t\t\t<\/div>\n\t\t\t\t<div class=\"elementor-element elementor-element-c2fd0e7 elementor-widget elementor-widget-text-editor\" data-id=\"c2fd0e7\" data-element_type=\"widget\" data-widget_type=\"text-editor.default\">\n\t\t\t\t<div class=\"elementor-widget-container\">\n\t\t\t\t\t\t\t\t\t<p data-start=\"589\" data-end=\"656\">Les donn\u00e9es personnelles collect\u00e9es sur le site sont trait\u00e9es par :<\/p><p data-start=\"658\" data-end=\"759\"><strong data-start=\"658\" data-end=\"679\">JUMANGY Formation<\/strong><br data-start=\"679\" data-end=\"682\" \/>SAS JUMANGY<br data-start=\"700\" data-end=\"703\" \/>302 Route de l&rsquo;\u00c9glise, 38200 Serpaize<br data-start=\"728\" data-end=\"731\" \/>Email : secretariat@green-jumangy.com<\/p><p data-start=\"761\" data-end=\"871\">Le responsable du traitement est : <strong data-start=\"796\" data-end=\"815\">Routhe Magali<\/strong>, en qualit\u00e9 de responsable de l\u2019organisme de formation.<\/p>\t\t\t\t\t\t\t\t<\/div>\n\t\t\t\t<\/div>\n\t\t\t\t<div class=\"elementor-element elementor-element-1cc9c6d elementor-widget elementor-widget-heading\" data-id=\"1cc9c6d\" data-element_type=\"widget\" data-widget_type=\"heading.default\">\n\t\t\t\t<div class=\"elementor-widget-container\">\n\t\t\t\t\t<h2 class=\"elementor-heading-title elementor-size-default\">2. Donn\u00e9es collect\u00e9es<\/h2>\t\t\t\t<\/div>\n\t\t\t\t<\/div>\n\t\t\t\t<div class=\"elementor-element elementor-element-f6665a8 elementor-widget elementor-widget-text-editor\" data-id=\"f6665a8\" data-element_type=\"widget\" data-widget_type=\"text-editor.default\">\n\t\t\t\t<div class=\"elementor-widget-container\">\n\t\t\t\t\t\t\t\t\t<p data-start=\"904\" data-end=\"965\">Les donn\u00e9es susceptibles d\u2019\u00eatre collect\u00e9es via le site sont :<\/p><ul data-start=\"967\" data-end=\"1120\"><li data-start=\"967\" data-end=\"984\"><p data-start=\"969\" data-end=\"984\">Nom et pr\u00e9nom<\/p><\/li><li data-start=\"985\" data-end=\"1003\"><p data-start=\"987\" data-end=\"1003\">Adresse e-mail<\/p><\/li><li data-start=\"1004\" data-end=\"1052\"><p data-start=\"1006\" data-end=\"1052\">Message libre (via le formulaire de contact)<\/p><\/li><li data-start=\"1053\" data-end=\"1120\"><p data-start=\"1055\" data-end=\"1120\">Donn\u00e9es techniques de navigation (cookies, adresse IP anonymis\u00e9e)<\/p><\/li><\/ul><p data-start=\"1122\" data-end=\"1161\">Aucune donn\u00e9e sensible n\u2019est collect\u00e9e.<\/p>\t\t\t\t\t\t\t\t<\/div>\n\t\t\t\t<\/div>\n\t\t\t\t<div class=\"elementor-element elementor-element-21da8f1 elementor-widget elementor-widget-heading\" data-id=\"21da8f1\" data-element_type=\"widget\" data-widget_type=\"heading.default\">\n\t\t\t\t<div class=\"elementor-widget-container\">\n\t\t\t\t\t<h2 class=\"elementor-heading-title elementor-size-default\">3. Finalit\u00e9s du traitementi<\/h2>\t\t\t\t<\/div>\n\t\t\t\t<\/div>\n\t\t\t\t<div class=\"elementor-element elementor-element-1961cef elementor-widget elementor-widget-text-editor\" data-id=\"1961cef\" data-element_type=\"widget\" data-widget_type=\"text-editor.default\">\n\t\t\t\t<div class=\"elementor-widget-container\">\n\t\t\t\t\t\t\t\t\t<p data-start=\"1199\" data-end=\"1281\">Les donn\u00e9es personnelles sont collect\u00e9es uniquement pour les finalit\u00e9s suivantes :<\/p><ul data-start=\"1283\" data-end=\"1488\"><li data-start=\"1283\" data-end=\"1336\"><p data-start=\"1285\" data-end=\"1336\">R\u00e9pondre aux demandes de contact et d\u2019information<\/p><\/li><li data-start=\"1337\" data-end=\"1387\"><p data-start=\"1339\" data-end=\"1387\">\u00c9changer dans le cadre de projets de formation<\/p><\/li><li data-start=\"1388\" data-end=\"1435\"><p data-start=\"1390\" data-end=\"1435\">Assurer le suivi administratif des demandes<\/p><\/li><li data-start=\"1436\" data-end=\"1488\"><p data-start=\"1438\" data-end=\"1488\">Am\u00e9liorer le fonctionnement et la s\u00e9curit\u00e9 du site<\/p><\/li><\/ul><p data-start=\"1490\" data-end=\"1587\">Les donn\u00e9es ne sont <strong data-start=\"1510\" data-end=\"1562\">ni vendues, ni c\u00e9d\u00e9es, ni transmises \u00e0 des tiers<\/strong> \u00e0 des fins commerciales.<\/p>\t\t\t\t\t\t\t\t<\/div>\n\t\t\t\t<\/div>\n\t\t\t\t<div class=\"elementor-element elementor-element-43c9077 elementor-widget elementor-widget-heading\" data-id=\"43c9077\" data-element_type=\"widget\" data-widget_type=\"heading.default\">\n\t\t\t\t<div class=\"elementor-widget-container\">\n\t\t\t\t\t<h2 class=\"elementor-heading-title elementor-size-default\">4. Base l\u00e9gale du traitement<\/h2>\t\t\t\t<\/div>\n\t\t\t\t<\/div>\n\t\t\t\t<div class=\"elementor-element elementor-element-5fe7b2b elementor-widget elementor-widget-text-editor\" data-id=\"5fe7b2b\" data-element_type=\"widget\" data-widget_type=\"text-editor.default\">\n\t\t\t\t<div class=\"elementor-widget-container\">\n\t\t\t\t\t\t\t\t\t<p data-start=\"1627\" data-end=\"1660\">Les traitements sont fond\u00e9s sur :<\/p><ul data-start=\"1661\" data-end=\"1896\"><li data-start=\"1661\" data-end=\"1724\"><p data-start=\"1663\" data-end=\"1724\">le <strong data-start=\"1666\" data-end=\"1682\">consentement<\/strong> de l\u2019utilisateur (formulaire de contact),<\/p><\/li><li data-start=\"1725\" data-end=\"1806\"><p data-start=\"1727\" data-end=\"1806\">l\u2019<strong data-start=\"1729\" data-end=\"1749\">int\u00e9r\u00eat l\u00e9gitime<\/strong> de l\u2019organisme (gestion des demandes, s\u00e9curit\u00e9 du site),<\/p><\/li><li data-start=\"1807\" data-end=\"1896\"><p data-start=\"1809\" data-end=\"1896\">le respect des <strong data-start=\"1824\" data-end=\"1847\">obligations l\u00e9gales<\/strong> li\u00e9es \u00e0 l\u2019activit\u00e9 de formation professionnelle.<\/p><\/li><\/ul>\t\t\t\t\t\t\t\t<\/div>\n\t\t\t\t<\/div>\n\t\t\t\t<div class=\"elementor-element elementor-element-01a0161 elementor-widget elementor-widget-heading\" data-id=\"01a0161\" data-element_type=\"widget\" data-widget_type=\"heading.default\">\n\t\t\t\t<div class=\"elementor-widget-container\">\n\t\t\t\t\t<h2 class=\"elementor-heading-title elementor-size-default\">5. Dur\u00e9e de conservation<\/h2>\t\t\t\t<\/div>\n\t\t\t\t<\/div>\n\t\t\t\t<div class=\"elementor-element elementor-element-a0b30be elementor-widget elementor-widget-text-editor\" data-id=\"a0b30be\" data-element_type=\"widget\" data-widget_type=\"text-editor.default\">\n\t\t\t\t<div class=\"elementor-widget-container\">\n\t\t\t\t\t\t\t\t\t<p data-start=\"1932\" data-end=\"1961\">Les donn\u00e9es sont conserv\u00e9es :<\/p><ul data-start=\"1962\" data-end=\"2176\"><li data-start=\"1962\" data-end=\"2072\"><p data-start=\"1964\" data-end=\"2072\">pendant une dur\u00e9e maximale de <strong data-start=\"1994\" data-end=\"2003\">3 ans<\/strong> \u00e0 compter du dernier contact pour les demandes non contractualis\u00e9es,<\/p><\/li><li data-start=\"2073\" data-end=\"2176\"><p data-start=\"2075\" data-end=\"2176\">pendant la dur\u00e9e l\u00e9gale requise pour les donn\u00e9es li\u00e9es \u00e0 une relation contractuelle ou r\u00e9glementaire.<\/p><\/li><\/ul>\t\t\t\t\t\t\t\t<\/div>\n\t\t\t\t<\/div>\n\t\t\t\t<div class=\"elementor-element elementor-element-a23b7e9 elementor-widget elementor-widget-heading\" data-id=\"a23b7e9\" data-element_type=\"widget\" data-widget_type=\"heading.default\">\n\t\t\t\t<div class=\"elementor-widget-container\">\n\t\t\t\t\t<h2 class=\"elementor-heading-title elementor-size-default\">6. S\u00e9curit\u00e9 des donn\u00e9es<\/h2>\t\t\t\t<\/div>\n\t\t\t\t<\/div>\n\t\t\t\t<div class=\"elementor-element elementor-element-7063b6c elementor-widget elementor-widget-text-editor\" data-id=\"7063b6c\" data-element_type=\"widget\" data-widget_type=\"text-editor.default\">\n\t\t\t\t<div class=\"elementor-widget-container\">\n\t\t\t\t\t\t\t\t\t<p data-start=\"2211\" data-end=\"2382\">JUMANGY Formation met en \u0153uvre toutes les mesures techniques et organisationnelles appropri\u00e9es afin de garantir la s\u00e9curit\u00e9 et la confidentialit\u00e9 des donn\u00e9es personnelles.<\/p><p data-start=\"2384\" data-end=\"2452\">L\u2019acc\u00e8s aux donn\u00e9es est strictement limit\u00e9 aux personnes habilit\u00e9es.<\/p><hr data-start=\"2454\" data-end=\"2457\" \/>\t\t\t\t\t\t\t\t<\/div>\n\t\t\t\t<\/div>\n\t\t\t\t<div class=\"elementor-element elementor-element-f08c335 elementor-widget elementor-widget-heading\" data-id=\"f08c335\" data-element_type=\"widget\" data-widget_type=\"heading.default\">\n\t\t\t\t<div class=\"elementor-widget-container\">\n\t\t\t\t\t<h2 class=\"elementor-heading-title elementor-size-default\">7. Droits des utilisateurs<\/h2>\t\t\t\t<\/div>\n\t\t\t\t<\/div>\n\t\t\t\t<div class=\"elementor-element elementor-element-ff55611 elementor-widget elementor-widget-text-editor\" data-id=\"ff55611\" data-element_type=\"widget\" data-widget_type=\"text-editor.default\">\n\t\t\t\t<div class=\"elementor-widget-container\">\n\t\t\t\t\t\t\t\t\t<p data-start=\"2490\" data-end=\"2578\">Conform\u00e9ment \u00e0 la r\u00e9glementation en vigueur, l\u2019utilisateur dispose des droits suivants :<\/p><ul data-start=\"2580\" data-end=\"2749\"><li data-start=\"2580\" data-end=\"2597\"><p data-start=\"2582\" data-end=\"2597\">Droit d\u2019acc\u00e8s<\/p><\/li><li data-start=\"2598\" data-end=\"2624\"><p data-start=\"2600\" data-end=\"2624\">Droit de rectification<\/p><\/li><li data-start=\"2625\" data-end=\"2647\"><p data-start=\"2627\" data-end=\"2647\">Droit d\u2019effacement<\/p><\/li><li data-start=\"2648\" data-end=\"2670\"><p data-start=\"2650\" data-end=\"2670\">Droit d\u2019opposition<\/p><\/li><li data-start=\"2671\" data-end=\"2710\"><p data-start=\"2673\" data-end=\"2710\">Droit \u00e0 la limitation du traitement<\/p><\/li><li data-start=\"2711\" data-end=\"2749\"><p data-start=\"2713\" data-end=\"2749\">Droit \u00e0 la portabilit\u00e9 des donn\u00e9es<\/p><\/li><\/ul><p data-start=\"2751\" data-end=\"2863\">Toute demande relative \u00e0 l\u2019exercice de ces droits peut \u00eatre adress\u00e9e par email \u00e0 :<br data-start=\"2833\" data-end=\"2836\" \/><strong data-start=\"2836\" data-end=\"2863\">secretariat@green-jumangy.com<\/strong><\/p><p data-start=\"2865\" data-end=\"2923\">Une r\u00e9ponse sera apport\u00e9e dans un d\u00e9lai maximum d\u2019un mois.<\/p>\t\t\t\t\t\t\t\t<\/div>\n\t\t\t\t<\/div>\n\t\t\t\t<div class=\"elementor-element elementor-element-77d6bfa elementor-widget elementor-widget-heading\" data-id=\"77d6bfa\" data-element_type=\"widget\" data-widget_type=\"heading.default\">\n\t\t\t\t<div class=\"elementor-widget-container\">\n\t\t\t\t\t<h2 class=\"elementor-heading-title elementor-size-default\">8. Cookies<\/h2>\t\t\t\t<\/div>\n\t\t\t\t<\/div>\n\t\t\t\t<div class=\"elementor-element elementor-element-84145f3 elementor-widget elementor-widget-text-editor\" data-id=\"84145f3\" data-element_type=\"widget\" data-widget_type=\"text-editor.default\">\n\t\t\t\t<div class=\"elementor-widget-container\">\n\t\t\t\t\t\t\t\t\t<p data-start=\"2945\" data-end=\"3054\">Le site peut utiliser des cookies strictement n\u00e9cessaires \u00e0 son bon fonctionnement et \u00e0 la mesure d\u2019audience.<\/p><p data-start=\"3056\" data-end=\"3158\">L\u2019utilisateur peut g\u00e9rer ses pr\u00e9f\u00e9rences via le bandeau de cookies affich\u00e9 lors de sa premi\u00e8re visite.<\/p>\t\t\t\t\t\t\t\t<\/div>\n\t\t\t\t<\/div>\n\t\t\t\t<div class=\"elementor-element elementor-element-80cb351 elementor-widget elementor-widget-heading\" data-id=\"80cb351\" data-element_type=\"widget\" data-widget_type=\"heading.default\">\n\t\t\t\t<div class=\"elementor-widget-container\">\n\t\t\t\t\t<h2 class=\"elementor-heading-title elementor-size-default\">9. reCAPTCHA<\/h2>\t\t\t\t<\/div>\n\t\t\t\t<\/div>\n\t\t\t\t<div class=\"elementor-element elementor-element-bdf894c elementor-widget elementor-widget-text-editor\" data-id=\"bdf894c\" data-element_type=\"widget\" data-widget_type=\"text-editor.default\">\n\t\t\t\t<div class=\"elementor-widget-container\">\n\t\t\t\t\t\t\t\t\t<p data-start=\"3182\" data-end=\"3304\">Les formulaires du site sont prot\u00e9g\u00e9s par <strong data-start=\"3224\" data-end=\"3244\">Google reCAPTCHA<\/strong>, outil permettant de pr\u00e9venir les soumissions frauduleuses.<\/p><p data-start=\"3306\" data-end=\"3513\">L\u2019utilisation de reCAPTCHA est soumise \u00e0 la <a class=\"decorated-link\" href=\"https:\/\/policies.google.com\/privacy\" target=\"_new\" rel=\"noopener\" data-start=\"3352\" data-end=\"3429\">Politique de confidentialit\u00e9 de Google <\/a>et aux <a class=\"decorated-link\" href=\"https:\/\/policies.google.com\/terms\" target=\"_new\" rel=\"noopener\" data-start=\"3441\" data-end=\"3512\">Conditions d\u2019utilisation de Google<\/a>.<\/p>\t\t\t\t\t\t\t\t<\/div>\n\t\t\t\t<\/div>\n\t\t\t\t<div class=\"elementor-element elementor-element-3a69d9e elementor-widget elementor-widget-heading\" data-id=\"3a69d9e\" data-element_type=\"widget\" data-widget_type=\"heading.default\">\n\t\t\t\t<div class=\"elementor-widget-container\">\n\t\t\t\t\t<h2 class=\"elementor-heading-title elementor-size-default\">10. Droit applicable<\/h2>\t\t\t\t<\/div>\n\t\t\t\t<\/div>\n\t\t\t\t<div class=\"elementor-element elementor-element-37c6187 elementor-widget elementor-widget-text-editor\" data-id=\"37c6187\" data-element_type=\"widget\" data-widget_type=\"text-editor.default\">\n\t\t\t\t<div class=\"elementor-widget-container\">\n\t\t\t\t\t\t\t\t\t<p>La pr\u00e9sente politique de confidentialit\u00e9 est soumise au droit fran\u00e7ais.<br data-start=\"3616\" data-end=\"3619\" \/>En cas de litige, les juridictions fran\u00e7aises seront comp\u00e9tentes.<\/p>\t\t\t\t\t\t\t\t<\/div>\n\t\t\t\t<\/div>\n\t\t\t\t\t<\/div>\n\t\t<\/div>\n\t\t\t\t\t<\/div>\n\t\t<\/section>\n\t\t\t\t<section class=\"elementor-section elementor-top-section elementor-element elementor-element-b2c7735 elementor-section-boxed elementor-section-height-default elementor-section-height-default\" data-id=\"b2c7735\" data-element_type=\"section\">\n\t\t\t\t\t\t<div class=\"elementor-container elementor-column-gap-default\">\n\t\t\t\t\t<div class=\"elementor-column elementor-col-100 elementor-top-column elementor-element elementor-element-c1120d8\" data-id=\"c1120d8\" data-element_type=\"column\">\n\t\t\t<div class=\"elementor-widget-wrap elementor-element-populated\">\n\t\t\t\t\t\t<div class=\"elementor-element elementor-element-de3d547 elementor-widget elementor-widget-text-editor\" data-id=\"de3d547\" data-element_type=\"widget\" data-widget_type=\"text-editor.default\">\n\t\t\t\t<div class=\"elementor-widget-container\">\n\t\t\t\t\t\t\t\t\t<p><strong data-start=\"604\" data-end=\"634\">Pour plus d\u2019informations :<\/strong><br data-start=\"634\" data-end=\"637\" \/>\u2013 <a href=\"https:\/\/green-jumangy.com\/index.php\/mentions-legales\/\">Mentions l\u00e9gales<\/a><br data-start=\"659\" data-end=\"662\" \/>\u2013 <a href=\"https:\/\/green-jumangy.com\/index.php\/accessibilite-handicap\/\">Accessibilit\u00e9 &amp; Handicap<\/a><\/p>\t\t\t\t\t\t\t\t<\/div>\n\t\t\t\t<\/div>\n\t\t\t\t\t<\/div>\n\t\t<\/div>\n\t\t\t\t\t<\/div>\n\t\t<\/section>\n\t\t\t\t<\/div>\n\t\t","protected":false},"excerpt":{"rendered":"<p>Politique de confidentialit\u00e9 La pr\u00e9sente politique de confidentialit\u00e9 a pour objectif d\u2019informer les utilisateurs du site green-jumangy.com des modalit\u00e9s de [&hellip;]<\/p>\n","protected":false},"author":1,"featured_media":0,"parent":0,"menu_order":0,"comment_status":"closed","ping_status":"closed","template":"","meta":{"site-sidebar-layout":"no-sidebar","site-content-layout":"","ast-site-content-layout":"full-width-container","site-content-style":"default","site-sidebar-style":"default","ast-global-header-display":"","ast-banner-title-visibility":"","ast-main-header-display":"","ast-hfb-above-header-display":"","ast-hfb-below-header-display":"","ast-hfb-mobile-header-display":"","site-post-title":"disabled","ast-breadcrumbs-content":"","ast-featured-img":"disabled","footer-sml-layout":"","ast-disable-related-posts":"","theme-transparent-header-meta":"","adv-header-id-meta":"","stick-header-meta":"","header-above-stick-meta":"","header-main-stick-meta":"","header-below-stick-meta":"","astra-migrate-meta-layouts":"default","ast-page-background-enabled":"default","ast-page-background-meta":{"desktop":{"background-color":"var(--ast-global-color-5)","background-image":"","background-repeat":"repeat","background-position":"center center","background-size":"auto","background-attachment":"scroll","background-type":"","background-media":"","overlay-type":"","overlay-color":"","overlay-opacity":"","overlay-gradient":""},"tablet":{"background-color":"","background-image":"","background-repeat":"repeat","background-position":"center center","background-size":"auto","background-attachment":"scroll","background-type":"","background-media":"","overlay-type":"","overlay-color":"","overlay-opacity":"","overlay-gradient":""},"mobile":{"background-color":"","background-image":"","background-repeat":"repeat","background-position":"center center","background-size":"auto","background-attachment":"scroll","background-type":"","background-media":"","overlay-type":"","overlay-color":"","overlay-opacity":"","overlay-gradient":""}},"ast-content-background-meta":{"desktop":{"background-color":"var(--ast-global-color-4)","background-image":"","background-repeat":"repeat","background-position":"center center","background-size":"auto","background-attachment":"scroll","background-type":"","background-media":"","overlay-type":"","overlay-color":"","overlay-opacity":"","overlay-gradient":""},"tablet":{"background-color":"var(--ast-global-color-4)","background-image":"","background-repeat":"repeat","background-position":"center center","background-size":"auto","background-attachment":"scroll","background-type":"","background-media":"","overlay-type":"","overlay-color":"","overlay-opacity":"","overlay-gradient":""},"mobile":{"background-color":"var(--ast-global-color-4)","background-image":"","background-repeat":"repeat","background-position":"center center","background-size":"auto","background-attachment":"scroll","background-type":"","background-media":"","overlay-type":"","overlay-color":"","overlay-opacity":"","overlay-gradient":""}},"footnotes":""},"class_list":["post-648","page","type-page","status-publish","hentry"],"_links":{"self":[{"href":"https:\/\/green-jumangy.com\/index.php\/wp-json\/wp\/v2\/pages\/648","targetHints":{"allow":["GET"]}}],"collection":[{"href":"https:\/\/green-jumangy.com\/index.php\/wp-json\/wp\/v2\/pages"}],"about":[{"href":"https:\/\/green-jumangy.com\/index.php\/wp-json\/wp\/v2\/types\/page"}],"author":[{"embeddable":true,"href":"https:\/\/green-jumangy.com\/index.php\/wp-json\/wp\/v2\/users\/1"}],"replies":[{"embeddable":true,"href":"https:\/\/green-jumangy.com\/index.php\/wp-json\/wp\/v2\/comments?post=648"}],"version-history":[{"count":7,"href":"https:\/\/green-jumangy.com\/index.php\/wp-json\/wp\/v2\/pages\/648\/revisions"}],"predecessor-version":[{"id":664,"href":"https:\/\/green-jumangy.com\/index.php\/wp-json\/wp\/v2\/pages\/648\/revisions\/664"}],"wp:attachment":[{"href":"https:\/\/green-jumangy.com\/index.php\/wp-json\/wp\/v2\/media?parent=648"}],"curies":[{"name":"wp","href":"https:\/\/api.w.org\/{rel}","templated":true}]}}